{"id":629,"date":"2025-04-03T09:46:51","date_gmt":"2025-04-03T09:46:51","guid":{"rendered":"https:\/\/demo.artesan.io\/32289_su-1721637482\/?page_id=629"},"modified":"2025-10-06T14:39:57","modified_gmt":"2025-10-06T14:39:57","slug":"fpv","status":"publish","type":"page","link":"https:\/\/demo.artesan.io\/32289_su-1721637482\/drones\/fpv\/","title":{"rendered":"FPV"},"content":{"rendered":"<section class=\"services_child_3_2 background-1-dark\" id=\"\"\r\n    original-block-id=\"block_bcc198cfdba95ff34e15aeaa299f5d3b\" data-block-id=\"69d491285546169d4912855462\">\r\n    <div class=\"container\">\r\n        <div class=\"row\">\r\n                        <div class=\"col col-top\" data-aos=\"fade-up\">\r\n                                <div class=\"subtitulo tamano4 color-2-headings-light\">Drone<\/div>\r\n                                                <h2 class=\"tamano2 color-2-headings-light\"><span class=\"ez-toc-section\" id=\"Drone_FPV_5%E2%80%B2\"><\/span>Drone FPV 5&#8242;<span class=\"ez-toc-section-end\"><\/span><\/h2>\r\n                \r\n            <\/div>\r\n            <div class=\"col col-imagen\">\r\n                <div class=\"left\" data-aos=\"fade-right\">\r\n                                        <img decoding=\"async\" src=\"https:\/\/demo.artesan.io\/32289_su-1721637482\/wp-content\/uploads\/2025\/04\/IMG_1062-2.heic\" alt=\"\" title=\"IMG_1062 2\">\r\n                    \r\n                <\/div>\r\n                <div class=\"right\" data-aos=\"fade-left\">\r\n                                        <h3 class=\"tamano4 color-2-headings-light\">GoPro Hero 13 Black<\/h3>\r\n                                                            <div class=\"texto tamano-7-mediumcta color-2-body-light\"><ul data-start=\"238\" data-end=\"409\">\n<li class=\"\" data-start=\"238\" data-end=\"271\">\n<p class=\"\" data-start=\"240\" data-end=\"271\">Grabaci\u00f3n en <strong data-start=\"253\" data-end=\"261\">5.3K<\/strong> a 60fps<\/p>\n<\/li>\n<li class=\"\" data-start=\"338\" data-end=\"382\">\n<p class=\"\" data-start=\"340\" data-end=\"382\">Perfil Logar\u00edtmico <b>GP-Log<\/b><\/p>\n<\/li>\n<li data-start=\"338\" data-end=\"382\">10 Bits Color<\/li>\n<\/ul>\n<p class=\"\" data-start=\"411\" data-end=\"715\"><strong data-start=\"411\" data-end=\"425\">Grabaci\u00f3n:<\/strong> 5.3K a 60fps<br data-start=\"438\" data-end=\"441\" \/><strong data-start=\"441\" data-end=\"461\">Tiempo de vuelo: <\/strong>\u00a08-12 min (dependiendo de la agresividad de vuelo)<br data-start=\"528\" data-end=\"531\" \/><strong data-start=\"531\" data-end=\"547\">Transmisi\u00f3n:<\/strong> Enlace de baja latencia para FPV, calidad 720p<br data-start=\"594\" data-end=\"597\" \/><strong data-start=\"597\" data-end=\"618\">Velocidad m\u00e1xima:<\/strong> 180 km\/h<br data-start=\"627\" data-end=\"630\" \/><strong data-start=\"630\" data-end=\"641\">Dise\u00f1o:<\/strong> Compacto y ligero, ideal para vuelos r\u00e1pidos y maniobras en exterior<\/p>\n<p class=\"\" data-start=\"717\" data-end=\"894\">El <strong data-start=\"720\" data-end=\"756\">Dron FPV 5&#8242; con GoPro Hero 13 Black<\/strong> es la opci\u00f3n perfecta para quienes buscan una c\u00e1mara de alta calidad con un dron vers\u00e1til para capturar contenido din\u00e1mico y profesional.<\/p>\n<\/div>\r\n                                                                <a href=\"https:\/\/demo.artesan.io\/32289_su-1721637482\/servicios\" target=\"\" class=\"btn-round tamano-7-mediumcta color-boton-3-texto-normal color-boton-3-texto-hover color-boton-3-normal color-boton-3-hover\">\r\n    \r\n    <span>Ver m\u00e1s<\/span>\r\n<\/a>\r\n\r\n<style>\r\n    .btn-border-rounded {\r\n        border-radius: 12px !important;\r\n    }\r\n\r\n    .btn-border-square {\r\n        border-radius: 0 !important;\r\n    }\r\n\r\n    \/* Estilos de hover *\/\r\n    .btn-hover-hover1:hover {\r\n        filter: contrast(0.55);\r\n    }\r\n\r\n    .btn-hover-hover2:hover {\r\n        filter: sepia(2);\r\n    }\r\n\r\n    \/* Estilos del icono cuando existe *\/\r\n    a i {\r\n        margin-right: 8px;\r\n        font-size: 16px;\r\n    }\r\n\r\n    \/* Icono Lucide *\/\r\n    .btn-icon--lucide {\r\n        display: inline-flex;\r\n        align-items: center;\r\n        justify-content: center;\r\n        margin-right: 8px;\r\n    }\r\n\r\n    .btn-icon--lucide svg {\r\n        width: 16px;\r\n        height: 16px;\r\n        display: block;\r\n    }\r\n<\/style>\r\n                                    <\/div>\r\n            <\/div>\r\n        <\/div>\r\n    <\/div>\r\n<\/section>\r\n<style>\r\n    .services_child_3_2 .col-top {\r\n        margin-bottom: 65px;\r\n    }\r\n\r\n    .services_child_3_2 .col-imagen .texto {\r\n        padding-bottom: 50px;\r\n        max-width: 660px;\r\n    }\r\n\r\n    .services_child_3_2 .col-imagen .subtitulo {\r\n        padding-bottom: 45px;\r\n    }\r\n\r\n    .services_child_3_2 .col-imagen h3 {\r\n        padding-bottom: 25px;\r\n    }\r\n\r\n    .services_child_3_2 .col-imagen .left {\r\n        max-width: 895px;\r\n        width: 100%;\r\n    }\r\n\r\n    .services_child_3_2 .col-imagen .left .video {\r\n        width: 100%;\r\n        height: 100%;\r\n        overflow: hidden;\r\n    }\r\n\r\n    .services_child_3_2 .col-imagen .left .video iframe {\r\n        width: 100%;\r\n        height: 100%;\r\n        border: none;\r\n        min-height: 600px;\r\n    }\r\n\r\n    .services_child_3_2 .col-imagen .right .texto *:not(:last-child) {\r\n        padding-bottom: 20px;\r\n    }\r\n\r\n    .services_child_3_2 .col-imagen .right {\r\n        max-width: 587px;\r\n        width: 60%;\r\n        padding-top: 40px;\r\n        margin-left: auto;\r\n    }\r\n\r\n    .services_child_3_2 .col-breadcrumbs a {\r\n        text-decoration: none;\r\n    }\r\n\r\n    .services_child_3_2 .col-breadcrumbs {\r\n        display: flex;\r\n        align-items: center;\r\n        gap: 5px;\r\n        padding-bottom: 50px;\r\n    }\r\n\r\n    .services_child_3_2 .col-top .subtitulo {\r\n        padding-bottom: 25px;\r\n    }\r\n\r\n    .services_child_3_2 .col-imagen {\r\n        display: flex;\r\n        position: relative;\r\n        gap: 30px;\r\n\r\n    }\r\n\r\n    .services_child_3_2[original-block-id=\"block_bcc198cfdba95ff34e15aeaa299f5d3b\"] .col-imagen {\r\n            }\r\n\r\n    .services_child_3_2 .col-imagen .right {\r\n        position: relative;\r\n    }\r\n\r\n    .services_child_3_2 {\r\n        padding: 80px 150px;\r\n    }\r\n\r\n    .services_child_3_2 .btn-round {\r\n        border-radius: 60px;\r\n        padding: 12px 25px;\r\n        display: inline-block;\r\n        min-width: 175px;\r\n        text-align: center;\r\n        text-decoration: none;\r\n    }\r\n\r\n    @media (max-width:1750px) {\r\n        .services_child_3_2 {\r\n            padding-left: 50px;\r\n            padding-right: 50px;\r\n        }\r\n    }\r\n\r\n    @media (max-width:1550px) {\r\n        .services_child_3_2 {\r\n            padding-left: 0;\r\n            padding-right: 0;\r\n        }\r\n\r\n        .services_child_3_2 .col-imagen .left .video iframe {\r\n            min-height: 400px;\r\n        }\r\n    }\r\n\r\n    @media (max-width:1250px) {\r\n        .services_child_3_2 .col-imagen {\r\n            flex-direction: column;\r\n            gap: 30px;\r\n        }\r\n\r\n        .services_child_3_2 .col-breadcrumbs {\r\n            padding-bottom: 25px;\r\n        }\r\n\r\n        .services_child_3_2 .col-imagen .left {\r\n            width: 100%;\r\n            position: relative;\r\n            top: inherit;\r\n            transform: none;\r\n        }\r\n\r\n        .services_child_3_2 .col-imagen .right {\r\n            max-width: 100%;\r\n            width: 100%;\r\n        }\r\n    }\r\n\r\n    @media (max-width:992px) {\r\n        .services_child_3_2 .col-imagen .right {\r\n            padding-top: 0;\r\n        }\r\n\r\n        .services_child_3_2 .col-imagen .subtitulo {\r\n            padding-bottom: 30px;\r\n        }\r\n\r\n        .services_child_3_2 .col-imagen .texto {\r\n            padding-bottom: 35px;\r\n        }\r\n\r\n        .services_child_3_2 .col-top {\r\n            margin-bottom: 30px;\r\n        }\r\n\r\n        .services_child_3_2 {\r\n            padding: 40px 0;\r\n        }\r\n\r\n        .services_child_3_2 .col-imagen .left .video iframe {\r\n            min-height: 370px;\r\n        }\r\n    }\r\n\r\n    @media (max-width:768px) {\r\n        .services_child_3_2 .col-imagen .left .video iframe {\r\n            min-height: 310px;\r\n        }\r\n    }\r\n<\/style>\r\n\n\n<section class=\"cta_curvy1_3_2_2 background-1-dark\" id=\"\" data-block-id=\"69d4912857a5069d4912857a51\">\r\n    <div class=\"container\">\r\n        <div class=\"row\">\r\n            <div class=\"col\">\r\n                <div class=\"inner background-1-light\">\r\n                                        <div class=\"titulo\">\r\n                        <h2 class=\"tamano3 color-1-headings-dark\"><span class=\"ez-toc-section\" id=\"%C2%A1Estas_interesado_en_este_Drone\"><\/span>\u00a1Estas interesado en este Drone?<span class=\"ez-toc-section-end\"><\/span><\/h2>\r\n                    <\/div>\r\n                                                            <div class=\"texto color-1-body-dark tamano7\"><p>\u00a1Contacta conmigo!<\/p>\n<\/div>\r\n                    \r\n                                            <div class=\"ctas\">\r\n                                                            <a href=\"https:\/\/demo.artesan.io\/32289_su-1721637482\/contacto\/\" target=\"\" class=\"btn-round tamano-7-mediumcta color-boton-1-texto-normal color-boton-1-texto-hover color-boton-1-normal color-boton-1-hover\">\r\n    \r\n    <span>Contactar<\/span>\r\n<\/a>\r\n\r\n<style>\r\n    .btn-border-rounded {\r\n        border-radius: 12px !important;\r\n    }\r\n\r\n    .btn-border-square {\r\n        border-radius: 0 !important;\r\n    }\r\n\r\n    \/* Estilos de hover *\/\r\n    .btn-hover-hover1:hover {\r\n        filter: contrast(0.55);\r\n    }\r\n\r\n    .btn-hover-hover2:hover {\r\n        filter: sepia(2);\r\n    }\r\n\r\n    \/* Estilos del icono cuando existe *\/\r\n    a i {\r\n        margin-right: 8px;\r\n        font-size: 16px;\r\n    }\r\n\r\n    \/* Icono Lucide *\/\r\n    .btn-icon--lucide {\r\n        display: inline-flex;\r\n        align-items: center;\r\n        justify-content: center;\r\n        margin-right: 8px;\r\n    }\r\n\r\n    .btn-icon--lucide svg {\r\n        width: 16px;\r\n        height: 16px;\r\n        display: block;\r\n    }\r\n<\/style>\r\n                                                    <\/div>\r\n                                    <\/div>\r\n            <\/div>\r\n        <\/div>\r\n    <\/div>\r\n<\/section>\r\n<style>\r\n    .cta_curvy1_3_2_2 .inner {\r\n        display: flex;\r\n        gap: 30px;\r\n        border-radius: 30px;\r\n        align-items: center;\r\n        padding: 55px 150px;\r\n        justify-content: space-between;\r\n    }\r\n\r\n     .cta_curvy1_3_2_2 .titulo {\r\n        max-width: 430px;\r\n        width: 100%;\r\n    }\r\n\r\n    .cta_curvy1_3_2_2 .texto {\r\n        max-width: 660px;\r\n        text-align: left;\r\n        width: 100%;\r\n    }\r\n\r\n    .cta_curvy1_3_2_2 {\r\n        padding: 80px 0;\r\n        position: relative;\r\n    }\r\n\r\n    .cta_curvy1_3_2_2 .btn-round {\r\n        border-radius: 60px;\r\n        padding: 15px 30px;\r\n        display: inline-block;\r\n        text-align: center;\r\n        transition: all ease .3s;\r\n        text-decoration: none;\r\n        min-width: 278px;\r\n        display: flex;\r\n        align-items: center;\r\n        justify-content: center;\r\n    }\r\n\r\n    @media (max-width:1750px) {\r\n        .cta_curvy1_3_2_2 .texto {\r\n            max-width: 500px;\r\n        }\r\n    }\r\n\r\n    @media (max-width:1600px) {\r\n        .cta_curvy1_3_2_2 .inner {\r\n            padding-left: 50px;\r\n            padding-right: 50px;\r\n        }\r\n    }\r\n\r\n    @media (max-width:1400px) {\r\n        .cta_curvy1_3_2_2 .texto {\r\n            max-width: 100%;\r\n        }\r\n\r\n        .cta_curvy1_3_2_2 .titulo {\r\n            width: 100%;\r\n        }\r\n    }\r\n\r\n    @media (max-width:1200px) {\r\n        .cta_curvy1_3_2_2 .inner {\r\n            padding-left: 15px;\r\n            padding-right: 15px;\r\n        }\r\n    }\r\n\r\n    @media (max-width:992px) {\r\n        .cta_curvy1_3_2_2 .col .inner {\r\n            border-radius: 30px;\r\n            flex-direction: column;\r\n            align-items: center;\r\n            justify-content: center;\r\n        }\r\n\r\n         .cta_curvy1_3_2_2 .col .inner>* {\r\n            width: 100%;\r\n            max-width: 100%;\r\n            text-align: center;\r\n        }\r\n\r\n        .cta_curvy1_3_2_2 .col .ctas {\r\n            display: flex;\r\n            align-items: center;\r\n            justify-content: center;\r\n        }\r\n\r\n        .cta_curvy1_3_2_2 .col {\r\n            flex-direction: column;\r\n            justify-content: center;\r\n            align-items: center;\r\n        }\r\n\r\n        .cta_curvy1_3_2_2 {\r\n            padding: 40px 0;\r\n        }\r\n    }\r\n<\/style>\r\n\n\n\n<p><\/p>\n","protected":false},"excerpt":{"rendered":"","protected":false},"author":2,"featured_media":0,"parent":513,"menu_order":4,"comment_status":"closed","ping_status":"closed","template":"","meta":{"_acf_changed":false,"iawp_total_views":1,"footnotes":""},"class_list":["post-629","page","type-page","status-publish","hentry"],"acf":[],"yoast_head":"<!-- This site is optimized with the Yoast SEO plugin v27.3 - https:\/\/yoast.com\/product\/yoast-seo-wordpress\/ -->\n<title>FPV - Falcon Films<\/title>\n<meta name=\"robots\" content=\"noindex, follow, max-snippet:-1, max-image-preview:large, max-video-preview:-1\" \/>\n<meta property=\"og:locale\" content=\"en_US\" \/>\n<meta property=\"og:type\" content=\"article\" \/>\n<meta property=\"og:title\" content=\"FPV - Falcon Films\" \/>\n<meta property=\"og:url\" content=\"https:\/\/demo.artesan.io\/32289_su-1721637482\/drones\/fpv\/\" \/>\n<meta property=\"og:site_name\" content=\"Falcon Films\" \/>\n<meta property=\"article:modified_time\" content=\"2025-10-06T14:39:57+00:00\" \/>\n<meta name=\"twitter:card\" content=\"summary_large_image\" \/>\n<!-- \/ Yoast SEO plugin. -->","yoast_head_json":{"title":"FPV - Falcon Films","robots":{"index":"noindex","follow":"follow","max-snippet":"max-snippet:-1","max-image-preview":"max-image-preview:large","max-video-preview":"max-video-preview:-1"},"og_locale":"en_US","og_type":"article","og_title":"FPV - Falcon Films","og_url":"https:\/\/demo.artesan.io\/32289_su-1721637482\/drones\/fpv\/","og_site_name":"Falcon Films","article_modified_time":"2025-10-06T14:39:57+00:00","twitter_card":"summary_large_image","schema":{"@context":"https:\/\/schema.org","@graph":[{"@type":"WebPage","@id":"https:\/\/demo.artesan.io\/32289_su-1721637482\/drones\/fpv\/","url":"https:\/\/demo.artesan.io\/32289_su-1721637482\/drones\/fpv\/","name":"FPV - Falcon Films","isPartOf":{"@id":"https:\/\/demo.artesan.io\/32289_su-1721637482\/#website"},"datePublished":"2025-04-03T09:46:51+00:00","dateModified":"2025-10-06T14:39:57+00:00","breadcrumb":{"@id":"https:\/\/demo.artesan.io\/32289_su-1721637482\/drones\/fpv\/#breadcrumb"},"inLanguage":"en-US","potentialAction":[{"@type":"ReadAction","target":["https:\/\/demo.artesan.io\/32289_su-1721637482\/drones\/fpv\/"]}]},{"@type":"BreadcrumbList","@id":"https:\/\/demo.artesan.io\/32289_su-1721637482\/drones\/fpv\/#breadcrumb","itemListElement":[{"@type":"ListItem","position":1,"name":"Portada","item":"https:\/\/demo.artesan.io\/32289_su-1721637482\/"},{"@type":"ListItem","position":2,"name":"Drones","item":"https:\/\/demo.artesan.io\/32289_su-1721637482\/drones\/"},{"@type":"ListItem","position":3,"name":"FPV"}]},{"@type":"WebSite","@id":"https:\/\/demo.artesan.io\/32289_su-1721637482\/#website","url":"https:\/\/demo.artesan.io\/32289_su-1721637482\/","name":"Falcon Films","description":"","publisher":{"@id":"https:\/\/demo.artesan.io\/32289_su-1721637482\/#organization"},"potentialAction":[{"@type":"SearchAction","target":{"@type":"EntryPoint","urlTemplate":"https:\/\/demo.artesan.io\/32289_su-1721637482\/?s={search_term_string}"},"query-input":{"@type":"PropertyValueSpecification","valueRequired":true,"valueName":"search_term_string"}}],"inLanguage":"en-US"},{"@type":"Organization","@id":"https:\/\/demo.artesan.io\/32289_su-1721637482\/#organization","name":"Falcon Films","url":"https:\/\/demo.artesan.io\/32289_su-1721637482\/","logo":{"@type":"ImageObject","inLanguage":"en-US","@id":"https:\/\/demo.artesan.io\/32289_su-1721637482\/#\/schema\/logo\/image\/","url":"https:\/\/demo.artesan.io\/32289_su-1721637482\/wp-content\/uploads\/2024\/07\/669e1154c2771_ba3ab0359e22-FALCON_03.png","contentUrl":"https:\/\/demo.artesan.io\/32289_su-1721637482\/wp-content\/uploads\/2024\/07\/669e1154c2771_ba3ab0359e22-FALCON_03.png","width":3509,"height":2481,"caption":"Falcon Films"},"image":{"@id":"https:\/\/demo.artesan.io\/32289_su-1721637482\/#\/schema\/logo\/image\/"}}]}},"_links":{"self":[{"href":"https:\/\/demo.artesan.io\/32289_su-1721637482\/wp-json\/wp\/v2\/pages\/629","targetHints":{"allow":["GET"]}}],"collection":[{"href":"https:\/\/demo.artesan.io\/32289_su-1721637482\/wp-json\/wp\/v2\/pages"}],"about":[{"href":"https:\/\/demo.artesan.io\/32289_su-1721637482\/wp-json\/wp\/v2\/types\/page"}],"author":[{"embeddable":true,"href":"https:\/\/demo.artesan.io\/32289_su-1721637482\/wp-json\/wp\/v2\/users\/2"}],"replies":[{"embeddable":true,"href":"https:\/\/demo.artesan.io\/32289_su-1721637482\/wp-json\/wp\/v2\/comments?post=629"}],"version-history":[{"count":9,"href":"https:\/\/demo.artesan.io\/32289_su-1721637482\/wp-json\/wp\/v2\/pages\/629\/revisions"}],"predecessor-version":[{"id":1099,"href":"https:\/\/demo.artesan.io\/32289_su-1721637482\/wp-json\/wp\/v2\/pages\/629\/revisions\/1099"}],"up":[{"embeddable":true,"href":"https:\/\/demo.artesan.io\/32289_su-1721637482\/wp-json\/wp\/v2\/pages\/513"}],"wp:attachment":[{"href":"https:\/\/demo.artesan.io\/32289_su-1721637482\/wp-json\/wp\/v2\/media?parent=629"}],"curies":[{"name":"wp","href":"https:\/\/api.w.org\/{rel}","templated":true}]}}